{"id":16,"date":"2024-06-17T13:14:17","date_gmt":"2024-06-17T13:14:17","guid":{"rendered":"https:\/\/puenteatlanticocaribe.com\/?page_id=16"},"modified":"2025-01-24T16:54:31","modified_gmt":"2025-01-24T16:54:31","slug":"home","status":"publish","type":"page","link":"https:\/\/puenteatlanticocaribe.com\/","title":{"rendered":"Home"},"content":{"rendered":"\t\t<div data-elementor-type=\"wp-page\" data-elementor-id=\"16\" class=\"elementor elementor-16\">\n\t\t\t\t\t\t<section class=\"elementor-section elementor-top-section elementor-element elementor-element-1123c6cc0 elementor-section-boxed elementor-section-height-default elementor-section-height-default wpr-particle-no wpr-jarallax-no wpr-parallax-no wpr-sticky-section-no wpr-equal-height-no\" data-id=\"1123c6cc0\" data-element_type=\"section\" data-e-type=\"section\" data-settings=\"{&quot;background_background&quot;:&quot;classic&quot;}\">\n\t\t\t\t\t\t\t<div class=\"elementor-background-overlay\"><\/div>\n\t\t\t\t\t\t\t<div class=\"elementor-container elementor-column-gap-default\">\n\t\t\t\t\t<div class=\"elementor-column elementor-col-33 elementor-top-column elementor-element elementor-element-44fa5227\" data-id=\"44fa5227\" data-element_type=\"column\" data-e-type=\"column\">\n\t\t\t<div class=\"elementor-widget-wrap elementor-element-populated\">\n\t\t\t\t\t\t<div class=\"elementor-element elementor-element-65aa2f4c wpr-logo-position-center elementor-widget elementor-widget-wpr-logo\" data-id=\"65aa2f4c\" data-element_type=\"widget\" data-e-type=\"widget\" data-widget_type=\"wpr-logo.default\">\n\t\t\t\t<div class=\"elementor-widget-container\">\n\t\t\t\t\t\t\t\t\n\t\t\t<div class=\"wpr-logo elementor-clearfix\">\n\n\t\t\t\t\t\t\t\t<picture class=\"wpr-logo-image\">\n\t\t\t\t\t\n\t\t\t\t\t\t\t\t\t\t<source srcset=\"https:\/\/puenteatlanticocaribe.com\/wp-content\/uploads\/2024\/06\/logo-puenteatlanticocaribe-1.png 1x, https:\/\/puenteatlanticocaribe.com\/wp-content\/uploads\/2024\/06\/logo-puenteatlanticocaribe-1.png 2x\">\t\n\t\t\t\t\t\t\t\t\t\t\n\t\t\t\t\t<img decoding=\"async\" src=\"https:\/\/puenteatlanticocaribe.com\/wp-content\/uploads\/2024\/06\/logo-puenteatlanticocaribe-1.png\" alt=\"\">\n\n\t\t\t\t\t\t\t\t\t\t\t<a class=\"wpr-logo-url\" rel=\"home\" aria-label=\"\" href=\"\"><\/a>\n\t\t\t\t\t\t\t\t\t<\/picture>\n\t\t\t\t\n\t\t\t\t\n\t\t\t\t\t\t\t\t\t<a class=\"wpr-logo-url\" rel=\"home\" aria-label=\"\" href=\"\"><\/a>\n\t\t\t\t\n\t\t\t<\/div>\n\t\t\t\t\n\t\t\t\t\t\t<\/div>\n\t\t\t\t<\/div>\n\t\t\t\t\t<\/div>\n\t\t<\/div>\n\t\t\t\t<div class=\"elementor-column elementor-col-33 elementor-top-column elementor-element elementor-element-334eeed7\" data-id=\"334eeed7\" data-element_type=\"column\" data-e-type=\"column\">\n\t\t\t<div class=\"elementor-widget-wrap\">\n\t\t\t\t\t\t\t<\/div>\n\t\t<\/div>\n\t\t\t\t<div class=\"elementor-column elementor-col-33 elementor-top-column elementor-element elementor-element-1038ef6d\" data-id=\"1038ef6d\" data-element_type=\"column\" data-e-type=\"column\">\n\t\t\t<div class=\"elementor-widget-wrap elementor-element-populated\">\n\t\t\t\t\t\t<div class=\"elementor-element elementor-element-cb6b86a elementor-position-inline-start elementor-hidden-mobile elementor-view-default elementor-mobile-position-block-start elementor-widget elementor-widget-icon-box\" data-id=\"cb6b86a\" data-element_type=\"widget\" data-e-type=\"widget\" data-widget_type=\"icon-box.default\">\n\t\t\t\t<div class=\"elementor-widget-container\">\n\t\t\t\t\t\t\t<div class=\"elementor-icon-box-wrapper\">\n\n\t\t\t\t\t\t<div class=\"elementor-icon-box-icon\">\n\t\t\t\t<a href=\"#form\" class=\"elementor-icon\" tabindex=\"-1\" aria-label=\"Contacto\">\n\t\t\t\t<svg aria-hidden=\"true\" class=\"e-font-icon-svg e-fas-phone-alt\" viewBox=\"0 0 512 512\" xmlns=\"http:\/\/www.w3.org\/2000\/svg\"><path d=\"M497.39 361.8l-112-48a24 24 0 0 0-28 6.9l-49.6 60.6A370.66 370.66 0 0 1 130.6 204.11l60.6-49.6a23.94 23.94 0 0 0 6.9-28l-48-112A24.16 24.16 0 0 0 122.6.61l-104 24A24 24 0 0 0 0 48c0 256.5 207.9 464 464 464a24 24 0 0 0 23.4-18.6l24-104a24.29 24.29 0 0 0-14.01-27.6z\"><\/path><\/svg>\t\t\t\t<\/a>\n\t\t\t<\/div>\n\t\t\t\n\t\t\t\t\t\t<div class=\"elementor-icon-box-content\">\n\n\t\t\t\t\t\t\t\t\t<h3 class=\"elementor-icon-box-title\">\n\t\t\t\t\t\t<a href=\"#form\" >\n\t\t\t\t\t\t\tContacto\t\t\t\t\t\t<\/a>\n\t\t\t\t\t<\/h3>\n\t\t\t\t\n\t\t\t\t\n\t\t\t<\/div>\n\t\t\t\n\t\t<\/div>\n\t\t\t\t\t\t<\/div>\n\t\t\t\t<\/div>\n\t\t\t\t\t<\/div>\n\t\t<\/div>\n\t\t\t\t\t<\/div>\n\t\t<\/section>\n\t\t<div class=\"elementor-element elementor-element-a3f96cf e-con-full e-flex wpr-particle-no wpr-jarallax-no wpr-parallax-no wpr-sticky-section-no wpr-equal-height-no e-con e-parent\" data-id=\"a3f96cf\" data-element_type=\"container\" data-e-type=\"container\" data-settings=\"{&quot;background_background&quot;:&quot;classic&quot;}\">\n\t\t\t\t<div class=\"elementor-element elementor-element-594b66c elementor-widget elementor-widget-eael-fancy-text\" data-id=\"594b66c\" data-element_type=\"widget\" data-e-type=\"widget\" data-widget_type=\"eael-fancy-text.default\">\n\t\t\t\t<div class=\"elementor-widget-container\">\n\t\t\t\t\t\n\t<div  class=\"eael-fancy-text-container style-1\" data-fancy-text-id=\"594b66c\" data-fancy-text=\"|ambiciosas|con ganas de trabajar|comprometidas|vers\u00e1tiles|proactivas\" data-fancy-text-transition-type=\"typing\" data-fancy-text-speed=\"50\" data-fancy-text-delay=\"2500\" data-fancy-text-cursor=\"yes\" data-fancy-text-loop=\"yes\" data-fancy-text-action=\"page_load\" >\n\t\t\t\t\t<span class=\"eael-fancy-text-prefix\">Buscamos a personas <\/span>\n\t\t\n\t\t\n\t\t\t\t\t<span id=\"eael-fancy-text-594b66c\" class=\"eael-fancy-text-strings solid-color\">\n\t\t\t\t<noscript>\n\t\t\t\t\tambiciosas, con ganas de trabajar, comprometidas, vers\u00e1tiles, proactivas\t\t\t\t<\/noscript>\n\t\t\t<\/span>\n\t\t\n\t\t\t<\/div><!-- close .eael-fancy-text-container -->\n\n\t<div class=\"clearfix\"><\/div>\n\n\t\t\t\t\t<\/div>\n\t\t\t\t<\/div>\n\t\t\t\t<\/div>\n\t\t<div class=\"elementor-element elementor-element-53f8a87 e-flex e-con-boxed wpr-particle-no wpr-jarallax-no wpr-parallax-no wpr-sticky-section-no wpr-equal-height-no e-con e-parent\" data-id=\"53f8a87\" data-element_type=\"container\" data-e-type=\"container\" data-settings=\"{&quot;background_background&quot;:&quot;classic&quot;}\">\n\t\t\t\t\t<div class=\"e-con-inner\">\n\t\t\t\t<div class=\"elementor-element elementor-element-445a9a8 elementor-widget elementor-widget-heading\" data-id=\"445a9a8\" data-element_type=\"widget\" data-e-type=\"widget\" data-widget_type=\"heading.default\">\n\t\t\t\t<div class=\"elementor-widget-container\">\n\t\t\t\t\t<h2 class=\"elementor-heading-title elementor-size-default\">\u00bfQu\u00e9 ofrecemos?<\/h2>\t\t\t\t<\/div>\n\t\t\t\t<\/div>\n\t\t\t\t\t<\/div>\n\t\t\t\t<\/div>\n\t\t<div class=\"elementor-element elementor-element-9268b93 e-flex e-con-boxed wpr-particle-no wpr-jarallax-no wpr-parallax-no wpr-sticky-section-no wpr-equal-height-no e-con e-parent\" data-id=\"9268b93\" data-element_type=\"container\" data-e-type=\"container\" data-settings=\"{&quot;background_background&quot;:&quot;classic&quot;}\">\n\t\t\t\t\t<div class=\"e-con-inner\">\n\t\t<div class=\"elementor-element elementor-element-7b52eae e-con-full e-flex wpr-particle-no wpr-jarallax-no wpr-parallax-no wpr-sticky-section-no wpr-equal-height-no e-con e-child\" data-id=\"7b52eae\" data-element_type=\"container\" data-e-type=\"container\" data-settings=\"{&quot;background_background&quot;:&quot;classic&quot;}\">\n\t\t\t\t<div class=\"elementor-element elementor-element-f956092 elementor-position-top elementor-widget elementor-widget-image-box\" data-id=\"f956092\" data-element_type=\"widget\" data-e-type=\"widget\" data-widget_type=\"image-box.default\">\n\t\t\t\t<div class=\"elementor-widget-container\">\n\t\t\t\t\t<div class=\"elementor-image-box-wrapper\"><figure class=\"elementor-image-box-img\"><img fetchpriority=\"high\" decoding=\"async\" width=\"2560\" height=\"1707\" src=\"https:\/\/puenteatlanticocaribe.com\/wp-content\/uploads\/2024\/06\/colleagues-working-together-project-1-scaled.jpg\" class=\"attachment-full size-full wp-image-91\" alt=\"\" srcset=\"https:\/\/puenteatlanticocaribe.com\/wp-content\/uploads\/2024\/06\/colleagues-working-together-project-1-scaled.jpg 2560w, https:\/\/puenteatlanticocaribe.com\/wp-content\/uploads\/2024\/06\/colleagues-working-together-project-1-300x200.jpg 300w, https:\/\/puenteatlanticocaribe.com\/wp-content\/uploads\/2024\/06\/colleagues-working-together-project-1-1024x683.jpg 1024w, https:\/\/puenteatlanticocaribe.com\/wp-content\/uploads\/2024\/06\/colleagues-working-together-project-1-768x512.jpg 768w, https:\/\/puenteatlanticocaribe.com\/wp-content\/uploads\/2024\/06\/colleagues-working-together-project-1-1536x1024.jpg 1536w, https:\/\/puenteatlanticocaribe.com\/wp-content\/uploads\/2024\/06\/colleagues-working-together-project-1-2048x1365.jpg 2048w\" sizes=\"(max-width: 2560px) 100vw, 2560px\" \/><\/figure><div class=\"elementor-image-box-content\"><h3 class=\"elementor-image-box-title\">Formaci\u00f3n constante<\/h3><p class=\"elementor-image-box-description\">Ofrecemos capacitaci\u00f3n y desarrollo profesional continuo para mantener a nuestros empleados actualizados y competitivos.<\/p><\/div><\/div>\t\t\t\t<\/div>\n\t\t\t\t<\/div>\n\t\t\t\t<\/div>\n\t\t<div class=\"elementor-element elementor-element-6ca49fe e-con-full e-flex wpr-particle-no wpr-jarallax-no wpr-parallax-no wpr-sticky-section-no wpr-equal-height-no e-con e-child\" data-id=\"6ca49fe\" data-element_type=\"container\" data-e-type=\"container\" data-settings=\"{&quot;background_background&quot;:&quot;classic&quot;}\">\n\t\t\t\t<div class=\"elementor-element elementor-element-4d4846d elementor-position-top elementor-widget elementor-widget-image-box\" data-id=\"4d4846d\" data-element_type=\"widget\" data-e-type=\"widget\" data-widget_type=\"image-box.default\">\n\t\t\t\t<div class=\"elementor-widget-container\">\n\t\t\t\t\t<div class=\"elementor-image-box-wrapper\"><figure class=\"elementor-image-box-img\"><img decoding=\"async\" width=\"2560\" height=\"1707\" src=\"https:\/\/puenteatlanticocaribe.com\/wp-content\/uploads\/2024\/06\/man-giving-business-presentation-using-futuristic-digital-pen-scaled.jpg\" class=\"attachment-full size-full wp-image-166\" alt=\"\" srcset=\"https:\/\/puenteatlanticocaribe.com\/wp-content\/uploads\/2024\/06\/man-giving-business-presentation-using-futuristic-digital-pen-scaled.jpg 2560w, https:\/\/puenteatlanticocaribe.com\/wp-content\/uploads\/2024\/06\/man-giving-business-presentation-using-futuristic-digital-pen-300x200.jpg 300w, https:\/\/puenteatlanticocaribe.com\/wp-content\/uploads\/2024\/06\/man-giving-business-presentation-using-futuristic-digital-pen-1024x683.jpg 1024w, https:\/\/puenteatlanticocaribe.com\/wp-content\/uploads\/2024\/06\/man-giving-business-presentation-using-futuristic-digital-pen-768x512.jpg 768w, https:\/\/puenteatlanticocaribe.com\/wp-content\/uploads\/2024\/06\/man-giving-business-presentation-using-futuristic-digital-pen-1536x1024.jpg 1536w\" sizes=\"(max-width: 2560px) 100vw, 2560px\" \/><\/figure><div class=\"elementor-image-box-content\"><h3 class=\"elementor-image-box-title\">Oportunidades de Crecimiento<\/h3><p class=\"elementor-image-box-description\">Fomentamos el desarrollo interno con claras oportunidades de ascenso y progresi\u00f3n profesional dentro de la empresa.<\/p><\/div><\/div>\t\t\t\t<\/div>\n\t\t\t\t<\/div>\n\t\t\t\t<\/div>\n\t\t<div class=\"elementor-element elementor-element-7f60f7b e-con-full e-flex wpr-particle-no wpr-jarallax-no wpr-parallax-no wpr-sticky-section-no wpr-equal-height-no e-con e-child\" data-id=\"7f60f7b\" data-element_type=\"container\" data-e-type=\"container\" data-settings=\"{&quot;background_background&quot;:&quot;classic&quot;}\">\n\t\t\t\t<div class=\"elementor-element elementor-element-b015604 elementor-position-top elementor-widget elementor-widget-image-box\" data-id=\"b015604\" data-element_type=\"widget\" data-e-type=\"widget\" data-widget_type=\"image-box.default\">\n\t\t\t\t<div class=\"elementor-widget-container\">\n\t\t\t\t\t<div class=\"elementor-image-box-wrapper\"><figure class=\"elementor-image-box-img\"><img decoding=\"async\" width=\"2560\" height=\"1707\" src=\"https:\/\/puenteatlanticocaribe.com\/wp-content\/uploads\/2024\/06\/trading-chart-screen-with-woman-s-hand-digital-remix-scaled.jpg\" class=\"attachment-full size-full wp-image-168\" alt=\"\" \/><\/figure><div class=\"elementor-image-box-content\"><h3 class=\"elementor-image-box-title\">Tecnolog\u00eda punta<\/h3><p class=\"elementor-image-box-description\"> Proporcionamos acceso a las \u00faltimas tecnolog\u00edas y herramientas para optimizar el desempe\u00f1o y la eficiencia en el trabajo.<\/p><\/div><\/div>\t\t\t\t<\/div>\n\t\t\t\t<\/div>\n\t\t\t\t<\/div>\n\t\t\t\t\t<\/div>\n\t\t\t\t<\/div>\n\t\t<div class=\"elementor-element elementor-element-887580f e-flex e-con-boxed wpr-particle-no wpr-jarallax-no wpr-parallax-no wpr-sticky-section-no wpr-equal-height-no e-con e-parent\" data-id=\"887580f\" data-element_type=\"container\" data-e-type=\"container\" data-settings=\"{&quot;background_background&quot;:&quot;classic&quot;}\">\n\t\t\t\t\t<div class=\"e-con-inner\">\n\t\t<div class=\"elementor-element elementor-element-35c89b8 e-con-full e-flex wpr-particle-no wpr-jarallax-no wpr-parallax-no wpr-sticky-section-no wpr-equal-height-no e-con e-child\" data-id=\"35c89b8\" data-element_type=\"container\" data-e-type=\"container\" data-settings=\"{&quot;background_background&quot;:&quot;classic&quot;}\">\n\t\t\t\t<div class=\"elementor-element elementor-element-c5b33af elementor-position-top elementor-widget elementor-widget-image-box\" data-id=\"c5b33af\" data-element_type=\"widget\" data-e-type=\"widget\" data-widget_type=\"image-box.default\">\n\t\t\t\t<div class=\"elementor-widget-container\">\n\t\t\t\t\t<div class=\"elementor-image-box-wrapper\"><figure class=\"elementor-image-box-img\"><img loading=\"lazy\" decoding=\"async\" width=\"1651\" height=\"1440\" src=\"https:\/\/puenteatlanticocaribe.com\/wp-content\/uploads\/2024\/06\/green-energy-with-hand-holding-environmental-light-bulb-background-1-scaled-e1718895517559.jpg\" class=\"attachment-full size-full wp-image-169\" alt=\"\" srcset=\"https:\/\/puenteatlanticocaribe.com\/wp-content\/uploads\/2024\/06\/green-energy-with-hand-holding-environmental-light-bulb-background-1-scaled-e1718895517559.jpg 1651w, https:\/\/puenteatlanticocaribe.com\/wp-content\/uploads\/2024\/06\/green-energy-with-hand-holding-environmental-light-bulb-background-1-scaled-e1718895517559-300x262.jpg 300w, https:\/\/puenteatlanticocaribe.com\/wp-content\/uploads\/2024\/06\/green-energy-with-hand-holding-environmental-light-bulb-background-1-scaled-e1718895517559-768x670.jpg 768w, https:\/\/puenteatlanticocaribe.com\/wp-content\/uploads\/2024\/06\/green-energy-with-hand-holding-environmental-light-bulb-background-1-scaled-e1718895517559-1024x893.jpg 1024w, https:\/\/puenteatlanticocaribe.com\/wp-content\/uploads\/2024\/06\/green-energy-with-hand-holding-environmental-light-bulb-background-1-scaled-e1718895517559-1536x1340.jpg 1536w\" sizes=\"(max-width: 1651px) 100vw, 1651px\" \/><\/figure><div class=\"elementor-image-box-content\"><h3 class=\"elementor-image-box-title\">Innovaci\u00f3n<\/h3><p class=\"elementor-image-box-description\">Promovemos un entorno creativo y din\u00e1mico que incentiva la generaci\u00f3n de nuevas ideas y soluciones innovadoras.<\/p><\/div><\/div>\t\t\t\t<\/div>\n\t\t\t\t<\/div>\n\t\t\t\t<\/div>\n\t\t<div class=\"elementor-element elementor-element-e3cca22 e-con-full e-flex wpr-particle-no wpr-jarallax-no wpr-parallax-no wpr-sticky-section-no wpr-equal-height-no e-con e-child\" data-id=\"e3cca22\" data-element_type=\"container\" data-e-type=\"container\" data-settings=\"{&quot;background_background&quot;:&quot;classic&quot;}\">\n\t\t\t\t<div class=\"elementor-element elementor-element-e74cef8 elementor-position-top elementor-widget elementor-widget-image-box\" data-id=\"e74cef8\" data-element_type=\"widget\" data-e-type=\"widget\" data-widget_type=\"image-box.default\">\n\t\t\t\t<div class=\"elementor-widget-container\">\n\t\t\t\t\t<div class=\"elementor-image-box-wrapper\"><figure class=\"elementor-image-box-img\"><img decoding=\"async\" src=\"https:\/\/puenteatlanticocaribe.com\/wp-content\/uploads\/2024\/06\/network-graphic-overlay-banner-background.jpg\" class=\"attachment-full size-full wp-image-167\" alt=\"\" \/><\/figure><div class=\"elementor-image-box-content\"><h3 class=\"elementor-image-box-title\">Networking<\/h3><p class=\"elementor-image-box-description\">Facilitamos la creaci\u00f3n de redes profesionales a trav\u00e9s de eventos, talleres y conferencias, ampliando las oportunidades de conexi\u00f3n.<\/p><\/div><\/div>\t\t\t\t<\/div>\n\t\t\t\t<\/div>\n\t\t\t\t<\/div>\n\t\t<div class=\"elementor-element elementor-element-0be03a1 e-con-full e-flex wpr-particle-no wpr-jarallax-no wpr-parallax-no wpr-sticky-section-no wpr-equal-height-no e-con e-child\" data-id=\"0be03a1\" data-element_type=\"container\" data-e-type=\"container\" data-settings=\"{&quot;background_background&quot;:&quot;classic&quot;}\">\n\t\t\t\t<div class=\"elementor-element elementor-element-60b1471 elementor-position-top elementor-widget elementor-widget-image-box\" data-id=\"60b1471\" data-element_type=\"widget\" data-e-type=\"widget\" data-widget_type=\"image-box.default\">\n\t\t\t\t<div class=\"elementor-widget-container\">\n\t\t\t\t\t<div class=\"elementor-image-box-wrapper\"><figure class=\"elementor-image-box-img\"><img loading=\"lazy\" decoding=\"async\" width=\"2560\" height=\"2042\" src=\"https:\/\/puenteatlanticocaribe.com\/wp-content\/uploads\/2024\/06\/close-up-person-s-hand-holding-black-alarm-clock-spiral-notepad-laptop-takeaway-coffee-cup-white-desk-scaled.jpg\" class=\"attachment-full size-full wp-image-164\" alt=\"\" srcset=\"https:\/\/puenteatlanticocaribe.com\/wp-content\/uploads\/2024\/06\/close-up-person-s-hand-holding-black-alarm-clock-spiral-notepad-laptop-takeaway-coffee-cup-white-desk-scaled.jpg 2560w, https:\/\/puenteatlanticocaribe.com\/wp-content\/uploads\/2024\/06\/close-up-person-s-hand-holding-black-alarm-clock-spiral-notepad-laptop-takeaway-coffee-cup-white-desk-300x239.jpg 300w, https:\/\/puenteatlanticocaribe.com\/wp-content\/uploads\/2024\/06\/close-up-person-s-hand-holding-black-alarm-clock-spiral-notepad-laptop-takeaway-coffee-cup-white-desk-1024x817.jpg 1024w, https:\/\/puenteatlanticocaribe.com\/wp-content\/uploads\/2024\/06\/close-up-person-s-hand-holding-black-alarm-clock-spiral-notepad-laptop-takeaway-coffee-cup-white-desk-768x613.jpg 768w\" sizes=\"(max-width: 2560px) 100vw, 2560px\" \/><\/figure><div class=\"elementor-image-box-content\"><h3 class=\"elementor-image-box-title\">Horario laboral<\/h3><p class=\"elementor-image-box-description\">Los Viernes trabajamos en horario reducido y los S\u00e1bados no trabajamos para ayudar a nuestros empleados a equilibrar mejor su vida laboral y personal.\n\n<\/p><\/div><\/div>\t\t\t\t<\/div>\n\t\t\t\t<\/div>\n\t\t\t\t<\/div>\n\t\t\t\t\t<\/div>\n\t\t\t\t<\/div>\n\t\t<div class=\"elementor-element elementor-element-e88a8bf e-flex e-con-boxed wpr-particle-no wpr-jarallax-no wpr-parallax-no wpr-sticky-section-no wpr-equal-height-no e-con e-parent\" data-id=\"e88a8bf\" data-element_type=\"container\" data-e-type=\"container\" data-settings=\"{&quot;background_background&quot;:&quot;gradient&quot;}\">\n\t\t\t\t\t<div class=\"e-con-inner\">\n\t\t\t\t<div class=\"elementor-element elementor-element-e95a31d elementor-widget elementor-widget-heading\" data-id=\"e95a31d\" data-element_type=\"widget\" data-e-type=\"widget\" data-widget_type=\"heading.default\">\n\t\t\t\t<div class=\"elementor-widget-container\">\n\t\t\t\t\t<h2 class=\"elementor-heading-title elementor-size-default\">\u00bfD\u00f3nde encontrarnos?<\/h2>\t\t\t\t<\/div>\n\t\t\t\t<\/div>\n\t\t\t\t\t<\/div>\n\t\t\t\t<\/div>\n\t\t<div class=\"elementor-element elementor-element-f8f63d4 e-flex e-con-boxed wpr-particle-no wpr-jarallax-no wpr-parallax-no wpr-sticky-section-no wpr-equal-height-no e-con e-parent\" data-id=\"f8f63d4\" data-element_type=\"container\" data-e-type=\"container\" data-settings=\"{&quot;background_background&quot;:&quot;classic&quot;}\">\n\t\t\t\t\t<div class=\"e-con-inner\">\n\t\t\t\t<div class=\"elementor-element elementor-element-7f408b0 elementor-widget elementor-widget-html\" data-id=\"7f408b0\" data-element_type=\"widget\" data-e-type=\"widget\" data-widget_type=\"html.default\">\n\t\t\t\t<div class=\"elementor-widget-container\">\n\t\t\t\t\t<iframe src=\"https:\/\/www.google.com\/maps\/embed?pb=!1m17!1m12!1m3!1d3781.433494342259!2d-68.41764092516578!3d18.59956198250938!2m3!1f0!2f0!3f0!3m2!1i1024!2i768!4f13.1!3m2!1m1!2zMTjCsDM1JzU4LjQiTiA2OMKwMjQnNTQuMiJX!5e0!3m2!1ses!2ses!4v1719410381444!5m2!1ses!2ses\" width=\"600\" height=\"450\" style=\"border:0;\" allowfullscreen=\"\" loading=\"lazy\" referrerpolicy=\"no-referrer-when-downgrade\"><\/iframe>\t\t\t\t<\/div>\n\t\t\t\t<\/div>\n\t\t\t\t\t<\/div>\n\t\t\t\t<\/div>\n\t\t\t\t<\/div>\n\t\t","protected":false},"excerpt":{"rendered":"<p>Contacto Buscamos a personas ambiciosas, con ganas de trabajar, comprometidas, vers\u00e1tiles, proactivas \u00bfQu\u00e9 ofrecemos? Formaci\u00f3n constante Ofrecemos capacitaci\u00f3n y desarrollo profesional continuo para mantener a nuestros empleados actualizados y competitivos. Oportunidades de Crecimiento Fomentamos el desarrollo interno con claras oportunidades de ascenso y progresi\u00f3n profesional dentro de la empresa. Tecnolog\u00eda punta Proporcionamos acceso a las \u00faltimas tecnolog\u00edas y herramientas para optimizar el desempe\u00f1o y la eficiencia en el trabajo. Innovaci\u00f3n Promovemos un entorno creativo y din\u00e1mico que incentiva la generaci\u00f3n de nuevas ideas y soluciones innovadoras. Networking Facilitamos la creaci\u00f3n de redes profesionales a trav\u00e9s de eventos, talleres y conferencias, ampliando las oportunidades de conexi\u00f3n. Horario laboral Los Viernes trabajamos en horario reducido y los S\u00e1bados no trabajamos para ayudar a nuestros empleados a equilibrar mejor su vida laboral y personal. \u00bfD\u00f3nde encontrarnos?<\/p>\n","protected":false},"author":1,"featured_media":0,"parent":0,"menu_order":0,"comment_status":"closed","ping_status":"closed","template":"elementor_canvas","meta":{"footnotes":""},"class_list":["post-16","page","type-page","status-publish","hentry"],"_links":{"self":[{"href":"https:\/\/puenteatlanticocaribe.com\/index.php?rest_route=\/wp\/v2\/pages\/16","targetHints":{"allow":["GET"]}}],"collection":[{"href":"https:\/\/puenteatlanticocaribe.com\/index.php?rest_route=\/wp\/v2\/pages"}],"about":[{"href":"https:\/\/puenteatlanticocaribe.com\/index.php?rest_route=\/wp\/v2\/types\/page"}],"author":[{"embeddable":true,"href":"https:\/\/puenteatlanticocaribe.com\/index.php?rest_route=\/wp\/v2\/users\/1"}],"replies":[{"embeddable":true,"href":"https:\/\/puenteatlanticocaribe.com\/index.php?rest_route=%2Fwp%2Fv2%2Fcomments&post=16"}],"version-history":[{"count":245,"href":"https:\/\/puenteatlanticocaribe.com\/index.php?rest_route=\/wp\/v2\/pages\/16\/revisions"}],"predecessor-version":[{"id":1331,"href":"https:\/\/puenteatlanticocaribe.com\/index.php?rest_route=\/wp\/v2\/pages\/16\/revisions\/1331"}],"wp:attachment":[{"href":"https:\/\/puenteatlanticocaribe.com\/index.php?rest_route=%2Fwp%2Fv2%2Fmedia&parent=16"}],"curies":[{"name":"wp","href":"https:\/\/api.w.org\/{rel}","templated":true}]}}